{"id":9,"date":"2019-05-09T09:36:44","date_gmt":"2019-05-09T09:36:44","guid":{"rendered":"https:\/\/kombinatke.si\/kblog\/?page_id=9"},"modified":"2026-04-21T08:02:05","modified_gmt":"2026-04-21T08:02:05","slug":"domov","status":"publish","type":"page","link":"https:\/\/kombinatke.si\/kblog\/","title":{"rendered":"Domov"},"content":{"rendered":"<p>[et_pb_section fb_built=&#8221;1&#8243; next_background_color=&#8221;#e00b00&#8243; admin_label=&#8221;Hero&#8221; _builder_version=&#8221;4.2.2&#8243; background_image=&#8221;https:\/\/kombinatke.si\/kblog\/wp-content\/uploads\/2025\/11\/kombinat-prva.jpeg&#8221; parallax=&#8221;on&#8221; parallax_method=&#8221;off&#8221; custom_padding=&#8221;120px||40vw|&#8221; bottom_divider_style=&#8221;arrow2&#8243; bottom_divider_height=&#8221;52px&#8221; animation_style=&#8221;fade&#8221; animation_duration=&#8221;2000ms&#8221;][\/et_pb_section][et_pb_section fb_built=&#8221;1&#8243; _builder_version=&#8221;3.22.7&#8243; background_color=&#8221;#e00b00&#8243; custom_padding=&#8221;0px||0px|||&#8221; bottom_divider_height=&#8221;52px&#8221;][et_pb_row _builder_version=&#8221;4.2.2&#8243; animation_style=&#8221;fade&#8221; animation_duration=&#8221;2000ms&#8221;][et_pb_column type=&#8221;4_4&#8243; _builder_version=&#8221;3.25&#8243; custom_padding=&#8221;|||&#8221; custom_padding__hover=&#8221;|||&#8221;][et_pb_image src=&#8221;https:\/\/kombinatke.si\/kblog\/wp-content\/uploads\/2026\/04\/kombinat-novi-logo-black.png&#8221; align=&#8221;center&#8221; align_tablet=&#8221;center&#8221; align_phone=&#8221;&#8221; align_last_edited=&#8221;on|desktop&#8221; _builder_version=&#8221;4.2.2&#8243; hover_enabled=&#8221;0&#8243;][\/et_pb_image][et_pb_cta _builder_version=&#8221;3.22.7&#8243; header_font=&#8221;Yeseva One||||||||&#8221; header_text_color=&#8221;#FFFFFF&#8221; header_font_size=&#8221;56px&#8221; header_line_height=&#8221;1.4em&#8221; body_font=&#8221;Montserrat|500|||||||&#8221; body_text_align=&#8221;justify&#8221; body_text_color=&#8221;#FFFFFF&#8221; body_font_size=&#8221;18px&#8221; body_line_height=&#8221;1.9em&#8221; use_background_color=&#8221;off&#8221; custom_button=&#8221;on&#8221; button_text_size=&#8221;16px&#8221; button_text_color=&#8221;#2f3854&#8243; button_bg_color=&#8221;rgba(47,56,84,0.04)&#8221; button_border_width=&#8221;10px&#8221; button_border_color=&#8221;rgba(47,56,84,0)&#8221; button_border_radius=&#8221;60px&#8221; button_letter_spacing=&#8221;1px&#8221; button_font=&#8221;Montserrat|700||on|||||&#8221; button_use_icon=&#8221;off&#8221; button_alignment=&#8221;left&#8221; text_orientation=&#8221;left&#8221; background_layout=&#8221;light&#8221; custom_margin=&#8221;-35px|||||&#8221; button_text_color_hover=&#8221;#ffffff&#8221; button_border_radius_hover=&#8221;66px&#8221; button_letter_spacing_hover=&#8221;1px&#8221; button_bg_color_hover=&#8221;#2f3854&#8243; button_text_size__hover_enabled=&#8221;off&#8221; button_one_text_size__hover_enabled=&#8221;off&#8221; button_two_text_size__hover_enabled=&#8221;off&#8221; button_text_color__hover_enabled=&#8221;on&#8221; button_text_color__hover=&#8221;#ffffff&#8221; button_one_text_color__hover_enabled=&#8221;off&#8221; button_two_text_color__hover_enabled=&#8221;off&#8221; button_border_width__hover_enabled=&#8221;off&#8221; button_one_border_width__hover_enabled=&#8221;off&#8221; button_two_border_width__hover_enabled=&#8221;off&#8221; button_border_color__hover_enabled=&#8221;off&#8221; button_one_border_color__hover_enabled=&#8221;off&#8221; button_two_border_color__hover_enabled=&#8221;off&#8221; button_border_radius__hover_enabled=&#8221;on&#8221; button_border_radius__hover=&#8221;66px&#8221; button_one_border_radius__hover_enabled=&#8221;off&#8221; button_two_border_radius__hover_enabled=&#8221;off&#8221; button_letter_spacing__hover_enabled=&#8221;on&#8221; button_letter_spacing__hover=&#8221;1px&#8221; button_one_letter_spacing__hover_enabled=&#8221;off&#8221; button_two_letter_spacing__hover_enabled=&#8221;off&#8221; button_bg_color__hover_enabled=&#8221;on&#8221; button_bg_color__hover=&#8221;#2f3854&#8243; button_one_bg_color__hover_enabled=&#8221;off&#8221; button_two_bg_color__hover_enabled=&#8221;off&#8221;]<\/p>\n<p><strong>\u017denski pevski zbor Kombinat<\/strong> se je ustanovil <strong>na dan upora, 27. aprila 2008<\/strong>, ko se nas je skupina deklet zbrala na ustanovni skup\u0161\u010dini v ljubljanskem Rogu in sklenila, da bomo prepevale pesmi upora z vsega sveta. Ideja o tak\u0161ni pevski skupini se je rodila mesec dni prej, na dekli\u0161\u010dini ene od na\u0161ih \u010dlanic.<\/p>\n<p>Pred ob\u010dinstvom je \u017dPZ Kombinat prvi\u010d zapel 23. maja 2008 v Menzi pri koritu na Metelkovi, v sklopu proslave ob dnevu mladosti.<\/p>\n<p>[\/et_pb_cta][\/et_pb_column][\/et_pb_row][\/et_pb_section][et_pb_section fb_built=&#8221;1&#8243; prev_background_color=&#8221;#e00b00&#8243; next_background_color=&#8221;#e00b00&#8243; admin_label=&#8221;Features&#8221; _builder_version=&#8221;4.2.2&#8243; background_image=&#8221;https:\/\/kombinatke.si\/kblog\/wp-content\/uploads\/2020\/01\/podlaga-scaled.jpg&#8221; parallax=&#8221;on&#8221; custom_margin=&#8221;-2px|||||&#8221; custom_padding=&#8221;1px|0px|0px|0px||&#8221; top_divider_style=&#8221;arrow2&#8243; top_divider_height=&#8221;42px&#8221; bottom_divider_style=&#8221;arrow2&#8243; bottom_divider_height=&#8221;52px&#8221;][et_pb_row _builder_version=&#8221;4.0.6&#8243; width=&#8221;100%&#8221; custom_padding=&#8221;65px|||||&#8221; animation_style=&#8221;fade&#8221; animation_duration=&#8221;2000ms&#8221;][et_pb_column type=&#8221;4_4&#8243; _builder_version=&#8221;3.25&#8243; custom_padding=&#8221;|||&#8221; custom_padding__hover=&#8221;|||&#8221;][et_pb_text _builder_version=&#8221;4.2.2&#8243; text_font=&#8221;||||||||&#8221; header_font=&#8221;||||||||&#8221; header_text_color=&#8221;#ff0000&#8243; header_font_size=&#8221;58px&#8221; background_color=&#8221;rgba(255,255,255,0.94)&#8221; custom_padding=&#8221;28px||16px|||&#8221; animation_style=&#8221;fade&#8221; animation_duration=&#8221;2000ms&#8221; border_radii=&#8221;on|17px|17px|17px|17px&#8221; border_width_all=&#8221;7px&#8221; border_color_all=&#8221;#e02b20&#8243; border_style_all=&#8221;double&#8221; box_shadow_style=&#8221;preset2&#8243; box_shadow_horizontal=&#8221;4px&#8221; box_shadow_color=&#8221;#000000&#8243;]<\/p>\n<h1 style=\"text-align: center;\">Novice<\/h1>\n<p>[\/et_pb_text][et_pb_blog fullwidth=&#8221;off&#8221; include_categories=&#8221;7&#8243; show_more=&#8221;on&#8221; show_author=&#8221;off&#8221; show_categories=&#8221;off&#8221; show_pagination=&#8221;off&#8221; module_class=&#8221;blogspredaj&#8221; _builder_version=&#8221;3.22.7&#8243; header_font=&#8221;||||||||&#8221; header_font_size=&#8221;23px&#8221; meta_font=&#8221;||||||||&#8221; pagination_font=&#8221;||||||||&#8221; border_radii=&#8221;on|17px|17px|17px|17px&#8221; border_width_all=&#8221;7px&#8221; border_color_all=&#8221;#e02b20&#8243; border_style_all=&#8221;double&#8221; box_shadow_style=&#8221;preset2&#8243; box_shadow_spread=&#8221;-2px&#8221; box_shadow_color=&#8221;#000000&#8243;][\/et_pb_blog][\/et_pb_column][\/et_pb_row][\/et_pb_section][et_pb_section fb_built=&#8221;1&#8243; _builder_version=&#8221;4.0.6&#8243; background_color=&#8221;#e00b00&#8243; custom_padding=&#8221;0px||0px|||&#8221; bottom_divider_style=&#8221;arrow2&#8243; bottom_divider_color=&#8221;#232323&#8243; bottom_divider_height=&#8221;47px&#8221;][et_pb_row _builder_version=&#8221;3.25&#8243; custom_padding=&#8221;||75px|||&#8221;][et_pb_column type=&#8221;4_4&#8243; _builder_version=&#8221;3.25&#8243; custom_padding=&#8221;|||&#8221; custom_padding__hover=&#8221;|||&#8221;][et_pb_text _builder_version=&#8221;4.2.2&#8243; text_font=&#8221;||||||||&#8221; text_text_color=&#8221;#ffffff&#8221; header_font=&#8221;||||||||&#8221; header_text_color=&#8221;#ffffff&#8221; header_font_size=&#8221;44px&#8221;]<\/p>\n<p>Informacije za vse, ki bi nas \u017eeleli povabiti k sodelovanju<\/p>\n<p>Vesele smo, da \u017eelite soustvarjati prostor za uporni\u0161ke pesmi. Da bo dogovarjanje \u010dim bolj jasno in u\u010dinkovito, vas prosimo, da si pred oddajo povabila preberete spodnje napotke.<\/p>\n<p>Ker prejmemo veliko povabil k sodelovanju, vsako od njih pa najprej pregleda programski odbor \u017dPZ Kombinat, vas prosimo za nekaj potrpljenja pri odgovoru. Na vsa sporo\u010dila bomo odgovorile, vendar morda ne takoj. Hvala za razumevanje.<\/p>\n<p>Na podlagi dolgoletnega delovanja in izku\u0161enj, ki smo jih pri tem pridobile, smo sprejele odlo\u010ditev, da ne nastopamo:<\/p>\n<ul>\n<li>za politi\u010dne stranke,<\/li>\n<li>na porokah,<\/li>\n<li>na pogrebih in na zasebnih zabavah.<\/li>\n<\/ul>\n<p>Poleg tega ne sodelujemo z glasbenimi agencijami. Prosimo, da to upo\u0161tevate pri snovanju povabila.<\/p>\n<p>Povabila sprejemamo na elektronski naslov info@kombinatke.si ali prek spodnjega obrazca.<\/p>\n<p>Programski odbor \u017dPZ Kombinat<\/p>\n<p>[\/et_pb_text][et_pb_contact_form email=&#8221;info@kombinatke.si&#8221; submit_button_text=&#8221;Po\u0161lji&#8221; _builder_version=&#8221;4.2.2&#8243; form_field_font=&#8221;||||||||&#8221; custom_button=&#8221;on&#8221; button_text_color=&#8221;#ffffff&#8221; button_border_color=&#8221;#ffffff&#8221; button_font=&#8221;||||||||&#8221; animation_style=&#8221;fade&#8221; animation_direction=&#8221;top&#8221; animation_duration=&#8221;2000ms&#8221; custom_css_captcha_label=&#8221;color: white;&#8221;][et_pb_contact_field field_id=&#8221;Name&#8221; field_title=&#8221;Ime in Priimek&#8221; _builder_version=&#8221;3.22.7&#8243; button_text_size__hover_enabled=&#8221;off&#8221; button_one_text_size__hover_enabled=&#8221;off&#8221; button_two_text_size__hover_enabled=&#8221;off&#8221; button_text_color__hover_enabled=&#8221;off&#8221; button_one_text_color__hover_enabled=&#8221;off&#8221; button_two_text_color__hover_enabled=&#8221;off&#8221; button_border_width__hover_enabled=&#8221;off&#8221; button_one_border_width__hover_enabled=&#8221;off&#8221; button_two_border_width__hover_enabled=&#8221;off&#8221; button_border_color__hover_enabled=&#8221;off&#8221; button_one_border_color__hover_enabled=&#8221;off&#8221; button_two_border_color__hover_enabled=&#8221;off&#8221; button_border_radius__hover_enabled=&#8221;off&#8221; button_one_border_radius__hover_enabled=&#8221;off&#8221; button_two_border_radius__hover_enabled=&#8221;off&#8221; button_letter_spacing__hover_enabled=&#8221;off&#8221; button_one_letter_spacing__hover_enabled=&#8221;off&#8221; button_two_letter_spacing__hover_enabled=&#8221;off&#8221; button_bg_color__hover_enabled=&#8221;off&#8221; button_one_bg_color__hover_enabled=&#8221;off&#8221; button_two_bg_color__hover_enabled=&#8221;off&#8221;][\/et_pb_contact_field][et_pb_contact_field field_id=&#8221;Email&#8221; field_title=&#8221;E-mail naslov&#8221; field_type=&#8221;email&#8221; _builder_version=&#8221;3.22.7&#8243; button_text_size__hover_enabled=&#8221;off&#8221; button_one_text_size__hover_enabled=&#8221;off&#8221; button_two_text_size__hover_enabled=&#8221;off&#8221; button_text_color__hover_enabled=&#8221;off&#8221; button_one_text_color__hover_enabled=&#8221;off&#8221; button_two_text_color__hover_enabled=&#8221;off&#8221; button_border_width__hover_enabled=&#8221;off&#8221; button_one_border_width__hover_enabled=&#8221;off&#8221; button_two_border_width__hover_enabled=&#8221;off&#8221; button_border_color__hover_enabled=&#8221;off&#8221; button_one_border_color__hover_enabled=&#8221;off&#8221; button_two_border_color__hover_enabled=&#8221;off&#8221; button_border_radius__hover_enabled=&#8221;off&#8221; button_one_border_radius__hover_enabled=&#8221;off&#8221; button_two_border_radius__hover_enabled=&#8221;off&#8221; button_letter_spacing__hover_enabled=&#8221;off&#8221; button_one_letter_spacing__hover_enabled=&#8221;off&#8221; button_two_letter_spacing__hover_enabled=&#8221;off&#8221; button_bg_color__hover_enabled=&#8221;off&#8221; button_one_bg_color__hover_enabled=&#8221;off&#8221; button_two_bg_color__hover_enabled=&#8221;off&#8221;][\/et_pb_contact_field][et_pb_contact_field field_id=&#8221;Message&#8221; field_title=&#8221;Besedilo&#8221; field_type=&#8221;text&#8221; fullwidth_field=&#8221;on&#8221; _builder_version=&#8221;3.22.7&#8243; form_field_font=&#8221;||||||||&#8221; button_text_size__hover_enabled=&#8221;off&#8221; button_one_text_size__hover_enabled=&#8221;off&#8221; button_two_text_size__hover_enabled=&#8221;off&#8221; button_text_color__hover_enabled=&#8221;off&#8221; button_one_text_color__hover_enabled=&#8221;off&#8221; button_two_text_color__hover_enabled=&#8221;off&#8221; button_border_width__hover_enabled=&#8221;off&#8221; button_one_border_width__hover_enabled=&#8221;off&#8221; button_two_border_width__hover_enabled=&#8221;off&#8221; button_border_color__hover_enabled=&#8221;off&#8221; button_one_border_color__hover_enabled=&#8221;off&#8221; button_two_border_color__hover_enabled=&#8221;off&#8221; button_border_radius__hover_enabled=&#8221;off&#8221; button_one_border_radius__hover_enabled=&#8221;off&#8221; button_two_border_radius__hover_enabled=&#8221;off&#8221; button_letter_spacing__hover_enabled=&#8221;off&#8221; button_one_letter_spacing__hover_enabled=&#8221;off&#8221; button_two_letter_spacing__hover_enabled=&#8221;off&#8221; button_bg_color__hover_enabled=&#8221;off&#8221; button_one_bg_color__hover_enabled=&#8221;off&#8221; button_two_bg_color__hover_enabled=&#8221;off&#8221;][\/et_pb_contact_field][\/et_pb_contact_form][\/et_pb_column][\/et_pb_row][\/et_pb_section]<\/p>\n","protected":false},"excerpt":{"rendered":"<p>[et_pb_section fb_built=&#8221;1&#8243; next_background_color=&#8221;#e00b00&#8243; admin_label=&#8221;Hero&#8221; _builder_version=&#8221;4.2.2&#8243; background_image=&#8221;https:\/\/kombinatke.si\/kblog\/wp-content\/uploads\/2025\/11\/kombinat-prva.jpeg&#8221; parallax=&#8221;on&#8221; parallax_method=&#8221;off&#8221; custom_padding=&#8221;120px||40vw|&#8221; bottom_divider_style=&#8221;arrow2&#8243; bottom_divider_height=&#8221;52px&#8221; animation_style=&#8221;fade&#8221; animation_duration=&#8221;2000ms&#8221;][\/et_pb_section][et_pb_section fb_built=&#8221;1&#8243; _builder_version=&#8221;3.22.7&#8243; background_color=&#8221;#e00b00&#8243; custom_padding=&#8221;0px||0px|||&#8221; bottom_divider_height=&#8221;52px&#8221;][et_pb_row _builder_version=&#8221;4.2.2&#8243; animation_style=&#8221;fade&#8221; animation_duration=&#8221;2000ms&#8221;][et_pb_column type=&#8221;4_4&#8243; _builder_version=&#8221;3.25&#8243; custom_padding=&#8221;|||&#8221; custom_padding__hover=&#8221;|||&#8221;][et_pb_image src=&#8221;https:\/\/kombinatke.si\/kblog\/wp-content\/uploads\/2026\/04\/kombinat-novi-logo-black.png&#8221; align=&#8221;center&#8221; align_tablet=&#8221;center&#8221; align_phone=&#8221;&#8221; align_last_edited=&#8221;on|desktop&#8221; _builder_version=&#8221;4.2.2&#8243; hover_enabled=&#8221;0&#8243;][\/et_pb_image][et_pb_cta _builder_version=&#8221;3.22.7&#8243; header_font=&#8221;Yeseva One||||||||&#8221; header_text_color=&#8221;#FFFFFF&#8221; header_font_size=&#8221;56px&#8221; header_line_height=&#8221;1.4em&#8221; body_font=&#8221;Montserrat|500|||||||&#8221; body_text_align=&#8221;justify&#8221; body_text_color=&#8221;#FFFFFF&#8221; body_font_size=&#8221;18px&#8221; body_line_height=&#8221;1.9em&#8221; use_background_color=&#8221;off&#8221; custom_button=&#8221;on&#8221; button_text_size=&#8221;16px&#8221; button_text_color=&#8221;#2f3854&#8243; button_bg_color=&#8221;rgba(47,56,84,0.04)&#8221; button_border_width=&#8221;10px&#8221; button_border_color=&#8221;rgba(47,56,84,0)&#8221; button_border_radius=&#8221;60px&#8221; button_letter_spacing=&#8221;1px&#8221; button_font=&#8221;Montserrat|700||on|||||&#8221; button_use_icon=&#8221;off&#8221; button_alignment=&#8221;left&#8221; [&hellip;]<\/p>\n","protected":false},"author":1,"featured_media":0,"parent":0,"menu_order":0,"comment_status":"closed","ping_status":"closed","template":"","meta":{"_et_pb_use_builder":"on","_et_pb_old_content":"","_et_gb_content_width":""},"_links":{"self":[{"href":"https:\/\/kombinatke.si\/kblog\/wp-json\/wp\/v2\/pages\/9"}],"collection":[{"href":"https:\/\/kombinatke.si\/kblog\/wp-json\/wp\/v2\/pages"}],"about":[{"href":"https:\/\/kombinatke.si\/kblog\/wp-json\/wp\/v2\/types\/page"}],"author":[{"embeddable":true,"href":"https:\/\/kombinatke.si\/kblog\/wp-json\/wp\/v2\/users\/1"}],"replies":[{"embeddable":true,"href":"https:\/\/kombinatke.si\/kblog\/wp-json\/wp\/v2\/comments?post=9"}],"version-history":[{"count":31,"href":"https:\/\/kombinatke.si\/kblog\/wp-json\/wp\/v2\/pages\/9\/revisions"}],"predecessor-version":[{"id":8817,"href":"https:\/\/kombinatke.si\/kblog\/wp-json\/wp\/v2\/pages\/9\/revisions\/8817"}],"wp:attachment":[{"href":"https:\/\/kombinatke.si\/kblog\/wp-json\/wp\/v2\/media?parent=9"}],"curies":[{"name":"wp","href":"https:\/\/api.w.org\/{rel}","templated":true}]}}