{"id":8248,"date":"2020-01-22T19:05:53","date_gmt":"2020-01-22T19:05:53","guid":{"rendered":"https:\/\/kombinatke.si\/kblog\/?page_id=8248"},"modified":"2026-04-21T08:13:31","modified_gmt":"2026-04-21T08:13:31","slug":"8248-2","status":"publish","type":"page","link":"https:\/\/kombinatke.si\/kblog\/8248-2\/","title":{"rendered":"Za medije"},"content":{"rendered":"<p>[et_pb_section fb_built=&#8221;1&#8243; _builder_version=&#8221;4.0.6&#8243; background_color=&#8221;#e02b20&#8243; background_enable_image=&#8221;off&#8221; background_size=&#8221;contain&#8221; background_position=&#8221;bottom_center&#8221; overflow-x=&#8221;hidden&#8221; overflow-y=&#8221;hidden&#8221; custom_padding=&#8221;3vw||1vw||false|false&#8221;][et_pb_row _builder_version=&#8221;3.29.3&#8243;][et_pb_column type=&#8221;4_4&#8243; _builder_version=&#8221;3.29.3&#8243;][et_pb_text _builder_version=&#8221;4.0.6&#8243; text_font=&#8221;||||||||&#8221; text_text_color=&#8221;#ffffff&#8221; text_font_size=&#8221;21px&#8221; text_line_height=&#8221;1.8em&#8221; header_font=&#8221;||||||||&#8221; header_text_color=&#8221;#ffffff&#8221; header_font_size=&#8221;60px&#8221; background_color=&#8221;rgba(224,11,0,0)&#8221; custom_margin=&#8221;||-8px|||&#8221; custom_padding=&#8221;0px|30px|16px|30px|false|false&#8221; animation_style=&#8221;flip&#8221; animation_duration=&#8221;2000ms&#8221; text_text_shadow_style=&#8221;preset1&#8243; text_text_shadow_color=&#8221;#000000&#8243; header_text_shadow_style=&#8221;preset2&#8243; header_text_shadow_horizontal_length=&#8221;0.04em&#8221; header_text_shadow_vertical_length=&#8221;0.04em&#8221; header_text_shadow_blur_strength=&#8221;0.17em&#8221; header_text_shadow_color=&#8221;#000000&#8243; border_radii=&#8221;|18px|18px||&#8221;]<\/p>\n<h1 style=\"text-align: center;\">Za medije<\/h1>\n<p style=\"text-align: center;\"><em><span><\/span><\/em><\/p>\n<p style=\"text-align: center;\">Medije napro\u0161amo, da nas v svojih prispevkih omenjajo kot <br \/><strong>\u017denski pevski zbor Kombinat<\/strong> ali na kratko \u017dPZ Kombinat.<br \/> V na\u0161ih vrstah so poleg pevk tudi glasbeniki, ki jih z nazivom Kombinatke izklju\u010dujete. <br \/>Tega ne \u017eelimo.<br \/> <strong>Hvala.<\/strong><\/p>\n<p style=\"text-align: center;\"><span><\/span><\/p>\n<p>[\/et_pb_text][\/et_pb_column][\/et_pb_row][\/et_pb_section][et_pb_section fb_built=&#8221;1&#8243; prev_background_color=&#8221;#e02b20&#8243; next_background_color=&#8221;#e02b20&#8243; admin_label=&#8221;Features&#8221; _builder_version=&#8221;4.2.2&#8243; background_image=&#8221;https:\/\/kombinatke.si\/kblog\/wp-content\/uploads\/2020\/01\/podlaga-scaled.jpg&#8221; parallax=&#8221;on&#8221; custom_margin=&#8221;-2px|||||&#8221; custom_padding=&#8221;1px|0px|0px|0px||&#8221; top_divider_style=&#8221;arrow2&#8243; top_divider_height=&#8221;42px&#8221; bottom_divider_style=&#8221;arrow2&#8243; bottom_divider_height=&#8221;52px&#8221;][et_pb_row _builder_version=&#8221;4.0.6&#8243; custom_padding=&#8221;68px||23px|||&#8221;][et_pb_column type=&#8221;4_4&#8243; _builder_version=&#8221;4.0.6&#8243;][et_pb_text _builder_version=&#8221;4.0.6&#8243; text_font_size=&#8221;19px&#8221; link_font=&#8221;|700|||||||&#8221; background_color=&#8221;rgba(255,255,255,0.96)&#8221; custom_padding=&#8221;30px|30px|30px|30px|false|false&#8221; animation_style=&#8221;fade&#8221; animation_duration=&#8221;2000ms&#8221; border_radii=&#8221;on|17px|17px|17px|17px&#8221; border_width_all=&#8221;7px&#8221; border_color_all=&#8221;#e02b20&#8243; border_style_all=&#8221;double&#8221; box_shadow_style=&#8221;preset2&#8243; box_shadow_color=&#8221;#000000&#8243;]<\/p>\n<p><span>\u010ce nam \u017eelite kar koli sporo\u010diti, \u017eelite akreditacije ali se dogovoriti za intervju, nam pi\u0161ite na e-mail naslov: <span style=\"color: #ff0000;\"><strong>kombinat.info@gmail.com.<\/strong><\/span><\/span><\/p>\n<p>[\/et_pb_text][et_pb_text _builder_version=&#8221;4.0.6&#8243; text_font_size=&#8221;19px&#8221; link_font=&#8221;|700|||||||&#8221; background_color=&#8221;rgba(255,255,255,0.96)&#8221; custom_padding=&#8221;30px|30px|30px|30px|false|false&#8221; animation_style=&#8221;fade&#8221; animation_duration=&#8221;2000ms&#8221; border_radii=&#8221;on|17px|17px|17px|17px&#8221; border_width_all=&#8221;7px&#8221; border_color_all=&#8221;#e02b20&#8243; border_style_all=&#8221;double&#8221; box_shadow_style=&#8221;preset2&#8243; box_shadow_color=&#8221;#000000&#8243;]<\/p>\n<p><span>Pri objavi fotografij obvezno navedite <span style=\"color: #ff0000;\"><strong>avtorja oz. avtorico<\/strong> <\/span>fotografij.<\/span><\/p>\n<p>[\/et_pb_text][\/et_pb_column][\/et_pb_row][et_pb_row _builder_version=&#8221;4.0.6&#8243;][et_pb_column type=&#8221;4_4&#8243; _builder_version=&#8221;4.0.6&#8243;][et_pb_text _builder_version=&#8221;4.2.2&#8243; text_font_size=&#8221;19px&#8221; link_font=&#8221;|700|||||||&#8221; background_color=&#8221;rgba(255,255,255,0.96)&#8221; custom_padding=&#8221;30px|30px|30px|30px|false|false&#8221; animation_style=&#8221;fade&#8221; animation_duration=&#8221;2000ms&#8221; border_radii=&#8221;on|17px|17px|17px|17px&#8221; border_width_all=&#8221;7px&#8221; border_color_all=&#8221;#e02b20&#8243; border_style_all=&#8221;double&#8221; box_shadow_style=&#8221;preset2&#8243; box_shadow_color=&#8221;#000000&#8243;]<\/p>\n<p><span>Za <span style=\"color: #ff0000;\"><strong>najavo koncertov<\/strong><\/span>, prosimo uporabite na\u0161 uradni logotip v <span style=\"color: #ff0000;\"><strong>\u010drni, beli ali rde\u010di barvi<\/strong><\/span>, najavite pa nas kot <span style=\"color: #ff0000;\"><strong>\u017denski pevski zbor Kombinat<\/strong><\/span> ali <span style=\"color: #ff0000;\"><strong>\u017dPZ Kombinat<\/strong><\/span>, saj so del zbora tudi na\u0161i fantje muzikantje. Hvala.<\/span><\/p>\n<p style=\"text-align: center;\"><a href=\"https:\/\/kombinatke.si\/kblog\/wp-content\/uploads\/2026\/04\/Logotip_Kombinat_CMYK-2.pdf\"><span style=\"color: #00368e;\"><em><strong><span style=\"color: #ff0000;\">TUKAJ<\/span><\/strong><\/em><\/span><\/a> lahko prenesete logotipe v vektorski obliki.<\/p>\n<p>[\/et_pb_text][\/et_pb_column][\/et_pb_row][et_pb_row column_structure=&#8221;1_4,1_4,1_4,1_4&#8243; _builder_version=&#8221;4.2.2&#8243; custom_padding=&#8221;||96px|||&#8221;][et_pb_column type=&#8221;1_4&#8243; _builder_version=&#8221;4.0.6&#8243;][et_pb_image src=&#8221;https:\/\/kombinatke.si\/kblog\/wp-content\/uploads\/2026\/04\/br.jpg&#8221; url=&#8221;https:\/\/kombinatke.si\/kblog\/wp-content\/uploads\/2026\/04\/Logotip_Kombinat_CMYK-2.pdf&#8221; _builder_version=&#8221;4.2.2&#8243; animation_style=&#8221;slide&#8221; animation_direction=&#8221;top&#8221; animation_duration=&#8221;2000ms&#8221; hover_enabled=&#8221;0&#8243; transform_styles__hover_enabled=&#8221;on|hover&#8221; transform_scale__hover_enabled=&#8221;on|hover&#8221; transform_translate__hover_enabled=&#8221;on|desktop&#8221; transform_rotate__hover_enabled=&#8221;on|desktop&#8221; transform_skew__hover_enabled=&#8221;on|desktop&#8221; transform_origin__hover_enabled=&#8221;on|desktop&#8221; transform_scale__hover=&#8221;118%|118%&#8221;][\/et_pb_image][\/et_pb_column][et_pb_column type=&#8221;1_4&#8243; _builder_version=&#8221;4.0.6&#8243;][et_pb_image src=&#8221;https:\/\/kombinatke.si\/kblog\/wp-content\/uploads\/2026\/04\/rb.jpg&#8221; url=&#8221;https:\/\/kombinatke.si\/kblog\/wp-content\/uploads\/2026\/04\/Logotip_Kombinat_CMYK-2.pdf&#8221; _builder_version=&#8221;4.2.2&#8243; animation_style=&#8221;slide&#8221; animation_direction=&#8221;top&#8221; animation_duration=&#8221;2000ms&#8221; hover_enabled=&#8221;0&#8243; transform_styles__hover_enabled=&#8221;on|hover&#8221; transform_scale__hover=&#8221;118%|118%&#8221; transform_scale__hover_enabled=&#8221;on|hover&#8221; transform_translate__hover_enabled=&#8221;on|desktop&#8221; transform_rotate__hover_enabled=&#8221;on|desktop&#8221; transform_skew__hover_enabled=&#8221;on|desktop&#8221; transform_origin__hover_enabled=&#8221;on|desktop&#8221;][\/et_pb_image][\/et_pb_column][et_pb_column type=&#8221;1_4&#8243; _builder_version=&#8221;4.0.6&#8243;][et_pb_image src=&#8221;https:\/\/kombinatke.si\/kblog\/wp-content\/uploads\/2026\/04\/cb.jpg&#8221; url=&#8221;https:\/\/kombinatke.si\/kblog\/wp-content\/uploads\/2026\/04\/Logotip_Kombinat_CMYK-2.pdf&#8221; _builder_version=&#8221;4.2.2&#8243; animation_style=&#8221;slide&#8221; animation_direction=&#8221;top&#8221; animation_duration=&#8221;2000ms&#8221; hover_enabled=&#8221;0&#8243; transform_styles__hover_enabled=&#8221;on|hover&#8221; transform_scale__hover=&#8221;118%|118%&#8221; transform_scale__hover_enabled=&#8221;on|hover&#8221; transform_translate__hover_enabled=&#8221;on|desktop&#8221; transform_rotate__hover_enabled=&#8221;on|desktop&#8221; transform_skew__hover_enabled=&#8221;on|desktop&#8221; transform_origin__hover_enabled=&#8221;on|desktop&#8221;][\/et_pb_image][\/et_pb_column][et_pb_column type=&#8221;1_4&#8243; _builder_version=&#8221;4.0.6&#8243;][et_pb_image src=&#8221;https:\/\/kombinatke.si\/kblog\/wp-content\/uploads\/2026\/04\/rw.jpg&#8221; url=&#8221;https:\/\/kombinatke.si\/kblog\/wp-content\/uploads\/2026\/04\/Logotip_Kombinat_CMYK-2.pdf&#8221; _builder_version=&#8221;4.2.2&#8243; animation_style=&#8221;slide&#8221; animation_direction=&#8221;top&#8221; animation_duration=&#8221;2000ms&#8221; hover_enabled=&#8221;0&#8243; transform_styles__hover_enabled=&#8221;on|hover&#8221; transform_scale__hover=&#8221;118%|118%&#8221; transform_scale__hover_enabled=&#8221;on|hover&#8221; transform_translate__hover_enabled=&#8221;on|desktop&#8221; transform_rotate__hover_enabled=&#8221;on|desktop&#8221; transform_skew__hover_enabled=&#8221;on|desktop&#8221; transform_origin__hover_enabled=&#8221;on|desktop&#8221;][\/et_pb_image][\/et_pb_column][\/et_pb_row][\/et_pb_section][et_pb_section fb_built=&#8221;1&#8243; _builder_version=&#8221;4.0.6&#8243; background_color=&#8221;#e02b20&#8243;][\/et_pb_section]<\/p>\n","protected":false},"excerpt":{"rendered":"<p>[et_pb_section fb_built=&#8221;1&#8243; _builder_version=&#8221;4.0.6&#8243; background_color=&#8221;#e02b20&#8243; background_enable_image=&#8221;off&#8221; background_size=&#8221;contain&#8221; background_position=&#8221;bottom_center&#8221; overflow-x=&#8221;hidden&#8221; overflow-y=&#8221;hidden&#8221; custom_padding=&#8221;3vw||1vw||false|false&#8221;][et_pb_row _builder_version=&#8221;3.29.3&#8243;][et_pb_column type=&#8221;4_4&#8243; _builder_version=&#8221;3.29.3&#8243;][et_pb_text _builder_version=&#8221;4.0.6&#8243; text_font=&#8221;||||||||&#8221; text_text_color=&#8221;#ffffff&#8221; text_font_size=&#8221;21px&#8221; text_line_height=&#8221;1.8em&#8221; header_font=&#8221;||||||||&#8221; header_text_color=&#8221;#ffffff&#8221; header_font_size=&#8221;60px&#8221; background_color=&#8221;rgba(224,11,0,0)&#8221; custom_margin=&#8221;||-8px|||&#8221; custom_padding=&#8221;0px|30px|16px|30px|false|false&#8221; animation_style=&#8221;flip&#8221; animation_duration=&#8221;2000ms&#8221; text_text_shadow_style=&#8221;preset1&#8243; text_text_shadow_color=&#8221;#000000&#8243; header_text_shadow_style=&#8221;preset2&#8243; header_text_shadow_horizontal_length=&#8221;0.04em&#8221; header_text_shadow_vertical_length=&#8221;0.04em&#8221; header_text_shadow_blur_strength=&#8221;0.17em&#8221; header_text_shadow_color=&#8221;#000000&#8243; border_radii=&#8221;|18px|18px||&#8221;] Za medije Medije napro\u0161amo, da nas v svojih prispevkih omenjajo kot \u017denski pevski zbor Kombinat ali na kratko \u017dPZ Kombinat. V [&hellip;]<\/p>\n","protected":false},"author":1,"featured_media":0,"parent":0,"menu_order":0,"comment_status":"closed","ping_status":"closed","template":"","meta":{"_et_pb_use_builder":"on","_et_pb_old_content":"","_et_gb_content_width":""},"_links":{"self":[{"href":"https:\/\/kombinatke.si\/kblog\/wp-json\/wp\/v2\/pages\/8248"}],"collection":[{"href":"https:\/\/kombinatke.si\/kblog\/wp-json\/wp\/v2\/pages"}],"about":[{"href":"https:\/\/kombinatke.si\/kblog\/wp-json\/wp\/v2\/types\/page"}],"author":[{"embeddable":true,"href":"https:\/\/kombinatke.si\/kblog\/wp-json\/wp\/v2\/users\/1"}],"replies":[{"embeddable":true,"href":"https:\/\/kombinatke.si\/kblog\/wp-json\/wp\/v2\/comments?post=8248"}],"version-history":[{"count":11,"href":"https:\/\/kombinatke.si\/kblog\/wp-json\/wp\/v2\/pages\/8248\/revisions"}],"predecessor-version":[{"id":8825,"href":"https:\/\/kombinatke.si\/kblog\/wp-json\/wp\/v2\/pages\/8248\/revisions\/8825"}],"wp:attachment":[{"href":"https:\/\/kombinatke.si\/kblog\/wp-json\/wp\/v2\/media?parent=8248"}],"curies":[{"name":"wp","href":"https:\/\/api.w.org\/{rel}","templated":true}]}}