{"id":7663,"date":"2019-05-20T20:53:11","date_gmt":"2019-05-20T20:53:11","guid":{"rendered":"https:\/\/kombinatke.si\/kblog\/?page_id=7663"},"modified":"2022-12-14T11:36:51","modified_gmt":"2022-12-14T11:36:51","slug":"o-nas","status":"publish","type":"page","link":"https:\/\/kombinatke.si\/kblog\/o-nas\/","title":{"rendered":"O NAS"},"content":{"rendered":"<p>[et_pb_section fb_built=&#8221;1&#8243; next_background_color=&#8221;#e00b00&#8243; admin_label=&#8221;Hero&#8221; _builder_version=&#8221;4.0.6&#8243; background_image=&#8221;https:\/\/kombinatke.si\/kblog\/wp-content\/uploads\/2019\/11\/1D9A9097.jpg&#8221; parallax=&#8221;on&#8221; parallax_method=&#8221;off&#8221; custom_padding=&#8221;95px||40vw|||&#8221; bottom_divider_style=&#8221;arrow2&#8243; bottom_divider_height=&#8221;52px&#8221; animation_style=&#8221;fade&#8221; animation_duration=&#8221;2000ms&#8221;][\/et_pb_section][et_pb_section fb_built=&#8221;1&#8243; _builder_version=&#8221;3.22.7&#8243; background_color=&#8221;#e00b00&#8243; custom_padding=&#8221;0px||0px|||&#8221; bottom_divider_height=&#8221;52px&#8221;][et_pb_row _builder_version=&#8221;3.25&#8243;][et_pb_column type=&#8221;4_4&#8243; _builder_version=&#8221;3.25&#8243; custom_padding=&#8221;|||&#8221; custom_padding__hover=&#8221;|||&#8221;][et_pb_image src=&#8221;https:\/\/kombinatke.si\/kblog\/wp-content\/uploads\/2019\/05\/KOMBINAT_Logo_b.png&#8221; align=&#8221;center&#8221; align_tablet=&#8221;center&#8221; align_phone=&#8221;&#8221; align_last_edited=&#8221;on|desktop&#8221; _builder_version=&#8221;4.2.2&#8243; filter_invert=&#8221;100%&#8221; animation_style=&#8221;fade&#8221; animation_duration=&#8221;2000ms&#8221; hover_enabled=&#8221;0&#8243;][\/et_pb_image][et_pb_cta _builder_version=&#8221;4.0.6&#8243; header_font=&#8221;Yeseva One||||||||&#8221; header_text_color=&#8221;#ffffff&#8221; header_font_size=&#8221;32px&#8221; header_line_height=&#8221;1.4em&#8221; body_font=&#8221;Montserrat|500|||||||&#8221; body_text_align=&#8221;justify&#8221; body_text_color=&#8221;#FFFFFF&#8221; body_font_size=&#8221;18px&#8221; body_line_height=&#8221;1.9em&#8221; use_background_color=&#8221;off&#8221; custom_button=&#8221;on&#8221; button_text_size=&#8221;16px&#8221; button_text_color=&#8221;#2f3854&#8243; button_bg_color=&#8221;rgba(47,56,84,0.04)&#8221; button_border_width=&#8221;10px&#8221; button_border_color=&#8221;rgba(47,56,84,0)&#8221; button_border_radius=&#8221;60px&#8221; button_letter_spacing=&#8221;1px&#8221; button_font=&#8221;Montserrat|700||on|||||&#8221; button_use_icon=&#8221;off&#8221; button_alignment=&#8221;left&#8221; text_orientation=&#8221;left&#8221; background_layout=&#8221;light&#8221; custom_margin=&#8221;-35px|||||&#8221; animation_style=&#8221;fade&#8221; animation_duration=&#8221;2000ms&#8221; button_text_color_hover=&#8221;#ffffff&#8221; button_border_radius_hover=&#8221;66px&#8221; button_letter_spacing_hover=&#8221;1px&#8221; button_bg_color_hover=&#8221;#2f3854&#8243; button_text_size__hover_enabled=&#8221;off&#8221; button_one_text_size__hover_enabled=&#8221;off&#8221; button_two_text_size__hover_enabled=&#8221;off&#8221; button_text_color__hover_enabled=&#8221;on&#8221; button_text_color__hover=&#8221;#ffffff&#8221; button_one_text_color__hover_enabled=&#8221;off&#8221; button_two_text_color__hover_enabled=&#8221;off&#8221; button_border_width__hover_enabled=&#8221;off&#8221; button_one_border_width__hover_enabled=&#8221;off&#8221; button_two_border_width__hover_enabled=&#8221;off&#8221; button_border_color__hover_enabled=&#8221;off&#8221; button_one_border_color__hover_enabled=&#8221;off&#8221; button_two_border_color__hover_enabled=&#8221;off&#8221; button_border_radius__hover_enabled=&#8221;on&#8221; button_border_radius__hover=&#8221;66px&#8221; button_one_border_radius__hover_enabled=&#8221;off&#8221; button_two_border_radius__hover_enabled=&#8221;off&#8221; button_letter_spacing__hover_enabled=&#8221;on&#8221; button_letter_spacing__hover=&#8221;1px&#8221; button_one_letter_spacing__hover_enabled=&#8221;off&#8221; button_two_letter_spacing__hover_enabled=&#8221;off&#8221; button_bg_color__hover_enabled=&#8221;on&#8221; button_bg_color__hover=&#8221;#2f3854&#8243; button_one_bg_color__hover_enabled=&#8221;off&#8221; button_two_bg_color__hover_enabled=&#8221;off&#8221;]<\/p>\n<p><strong>\u017denski pevski zbor Kombinat<\/strong> se je ustanovil <strong>na dan upora, 27. aprila 2008<\/strong>, ko se nas je skupina deklet zbrala na ustanovni skup\u0161\u010dini v ljubljanskem Rogu in sklenila, da bomo prepevale pesmi upora z vsega sveta. Ideja o tak\u0161ni pevski skupini se je rodila mesec dni prej, na dekli\u0161\u010dini ene od na\u0161ih \u010dlanic.<\/p>\n<p>Pred ob\u010dinstvom je \u017dPZ Kombinat prvi\u010d zapel 23. maja 2008 v Menzi pri koritu na Metelkovi, v sklopu proslave ob dnevu mladosti.<\/p>\n<p>&nbsp;<\/p>\n<h2>Na\u0161 credo?<\/h2>\n<p>Z rde\u010do kredo pisati izro\u010dilo upora. Ne na stene, na u\u0161esne membrane. Z glasom ohranjati spomin na glas(be)no tradicijo pokon\u010dne hrbteni\u010dne dr\u017ee, ki ne podlega dru\u017ebeni skoliozi.<\/p>\n<p>Zdru\u017eeni smo v pesmi in prepri\u010danju, da je upor ena osnovnih \u010dlovekovih pravic. Verjamemo, da kriti\u010dna misel lahko vzklije le iz uporne dr\u017ee. Na\u0161 \u010das golta \u010dlove\u0161ko du\u0161o, na oltar postavlja uspeh, tekmovalnost in videz. Ni mu mar za \u010dlovekove pravice, \u010deprav si jih za alibi marsikdaj sposodi.<\/p>\n<p>Vemo, da sveta ni mogo\u010de spremeniti, globoko pa verjamemo, da ga z domala \u017ee pozabljenimi vrednotami, kot so solidarnost, sr\u010dnost, socialna pravi\u010dnost, tovari\u0161tvo in pogum, lahko naredimo znosnej\u0161ega in lep\u0161ega.<\/p>\n<p>Nismo bili v hosti, nikoli nismo bili la\u010dni, nikdar nam ni bilo treba niti pomisliti, da bi svoja \u017eivljenja polagali na \u017ertvenik ideologij in odkar pomnimo, lahko govorimo v svojem jeziku.<\/p>\n<p>Iz spo\u0161tovanja do vseh, ki so dvignili glas in dali \u017eivljenja, obujamo pesmi, ki so hrabrile duha v revolucijah in uporih \u0161irom sveta in jih prepevamo v izvirnih jezikih. Te pesmi za nas niso le uglasbene besede, marve\u010d dragocena in pretresljiva pri\u010devanja \u010dlovekove vere v lep\u0161i svet. Za vse ljudi.<\/p>\n<p>[\/et_pb_cta][\/et_pb_column][\/et_pb_row][\/et_pb_section][et_pb_section fb_built=&#8221;1&#8243; prev_background_color=&#8221;#e00b00&#8243; admin_label=&#8221;Features&#8221; _builder_version=&#8221;4.2.2&#8243; background_image=&#8221;https:\/\/kombinatke.si\/kblog\/wp-content\/uploads\/2020\/01\/podlaga-scaled.jpg&#8221; parallax=&#8221;on&#8221; min_height=&#8221;397px&#8221; custom_margin=&#8221;-2px|||||&#8221; custom_padding=&#8221;1px|0px|335px|0px||&#8221; top_divider_style=&#8221;arrow2&#8243; top_divider_height=&#8221;42px&#8221; bottom_divider_height=&#8221;52px&#8221;][\/et_pb_section]<\/p>\n","protected":false},"excerpt":{"rendered":"<p>[et_pb_section fb_built=&#8221;1&#8243; next_background_color=&#8221;#e00b00&#8243; admin_label=&#8221;Hero&#8221; _builder_version=&#8221;4.0.6&#8243; background_image=&#8221;https:\/\/kombinatke.si\/kblog\/wp-content\/uploads\/2019\/11\/1D9A9097.jpg&#8221; parallax=&#8221;on&#8221; parallax_method=&#8221;off&#8221; custom_padding=&#8221;95px||40vw|||&#8221; bottom_divider_style=&#8221;arrow2&#8243; bottom_divider_height=&#8221;52px&#8221; animation_style=&#8221;fade&#8221; animation_duration=&#8221;2000ms&#8221;][\/et_pb_section][et_pb_section fb_built=&#8221;1&#8243; _builder_version=&#8221;3.22.7&#8243; background_color=&#8221;#e00b00&#8243; custom_padding=&#8221;0px||0px|||&#8221; bottom_divider_height=&#8221;52px&#8221;][et_pb_row _builder_version=&#8221;3.25&#8243;][et_pb_column type=&#8221;4_4&#8243; _builder_version=&#8221;3.25&#8243; custom_padding=&#8221;|||&#8221; custom_padding__hover=&#8221;|||&#8221;][et_pb_image src=&#8221;https:\/\/kombinatke.si\/kblog\/wp-content\/uploads\/2019\/05\/KOMBINAT_Logo_b.png&#8221; align=&#8221;center&#8221; align_tablet=&#8221;center&#8221; align_phone=&#8221;&#8221; align_last_edited=&#8221;on|desktop&#8221; _builder_version=&#8221;4.2.2&#8243; filter_invert=&#8221;100%&#8221; animation_style=&#8221;fade&#8221; animation_duration=&#8221;2000ms&#8221; hover_enabled=&#8221;0&#8243;][\/et_pb_image][et_pb_cta _builder_version=&#8221;4.0.6&#8243; header_font=&#8221;Yeseva One||||||||&#8221; header_text_color=&#8221;#ffffff&#8221; header_font_size=&#8221;32px&#8221; header_line_height=&#8221;1.4em&#8221; body_font=&#8221;Montserrat|500|||||||&#8221; body_text_align=&#8221;justify&#8221; body_text_color=&#8221;#FFFFFF&#8221; body_font_size=&#8221;18px&#8221; body_line_height=&#8221;1.9em&#8221; use_background_color=&#8221;off&#8221; custom_button=&#8221;on&#8221; button_text_size=&#8221;16px&#8221; button_text_color=&#8221;#2f3854&#8243; button_bg_color=&#8221;rgba(47,56,84,0.04)&#8221; button_border_width=&#8221;10px&#8221; button_border_color=&#8221;rgba(47,56,84,0)&#8221; button_border_radius=&#8221;60px&#8221; button_letter_spacing=&#8221;1px&#8221; button_font=&#8221;Montserrat|700||on|||||&#8221; button_use_icon=&#8221;off&#8221; [&hellip;]<\/p>\n","protected":false},"author":1,"featured_media":0,"parent":0,"menu_order":0,"comment_status":"closed","ping_status":"closed","template":"","meta":{"_et_pb_use_builder":"on","_et_pb_old_content":"","_et_gb_content_width":""},"_links":{"self":[{"href":"https:\/\/kombinatke.si\/kblog\/wp-json\/wp\/v2\/pages\/7663"}],"collection":[{"href":"https:\/\/kombinatke.si\/kblog\/wp-json\/wp\/v2\/pages"}],"about":[{"href":"https:\/\/kombinatke.si\/kblog\/wp-json\/wp\/v2\/types\/page"}],"author":[{"embeddable":true,"href":"https:\/\/kombinatke.si\/kblog\/wp-json\/wp\/v2\/users\/1"}],"replies":[{"embeddable":true,"href":"https:\/\/kombinatke.si\/kblog\/wp-json\/wp\/v2\/comments?post=7663"}],"version-history":[{"count":7,"href":"https:\/\/kombinatke.si\/kblog\/wp-json\/wp\/v2\/pages\/7663\/revisions"}],"predecessor-version":[{"id":8416,"href":"https:\/\/kombinatke.si\/kblog\/wp-json\/wp\/v2\/pages\/7663\/revisions\/8416"}],"wp:attachment":[{"href":"https:\/\/kombinatke.si\/kblog\/wp-json\/wp\/v2\/media?parent=7663"}],"curies":[{"name":"wp","href":"https:\/\/api.w.org\/{rel}","templated":true}]}}